{"id":662,"date":"2022-04-12T12:31:23","date_gmt":"2022-04-12T10:31:23","guid":{"rendered":"https:\/\/ivressedessommets.fr\/?page_id=662"},"modified":"2025-03-20T12:40:43","modified_gmt":"2025-03-20T11:40:43","slug":"nos-engagements","status":"publish","type":"page","link":"https:\/\/ivressedessommets.fr\/index.php\/nos-engagements\/","title":{"rendered":"Nos engagements"},"content":{"rendered":"\n<p>Nous ne pouvons concevoir notre m\u00e9tier sans le respect de l\u2019environnement, de nos partenaires, fournisseurs et clients. C\u2019est pour cela que nos bi\u00e8res sont longuement \u00e9labor\u00e9es, pour la recherche du go\u00fbt, avec des <strong>mati\u00e8res premi\u00e8res produites localement <\/strong>et <strong>issues de l\u2019agriculture biologique<\/strong>.<\/p>\n\n\n\n<p>Nous faisons en sorte que la bi\u00e8re reste un produit populaire et que tous les acteurs de la cha\u00eene puissent vivre dignement de leurs m\u00e9tiers respectifs.<\/p>\n\n\n\n<p>Pour cela, <strong>nous ne n\u00e9gocions jamais le prix de nos producteurs de mati\u00e8res premi\u00e8res<\/strong>.<\/p>\n\n\n\n<p>Nos<strong> malts sont enti\u00e8rement cultiv\u00e9s en Rh\u00f4ne-Alpes<\/strong>, malt\u00e9s et torr\u00e9fi\u00e9s en Haute-Savoie. Ce sont des vari\u00e9t\u00e9s de c\u00e9r\u00e9ales dont la culture est adapt\u00e9e au lieu de production,\u00e0 son son climat et \u00e0 sa terre. Ce ne sont pas des vari\u00e9t\u00e9s s\u00e9lectionn\u00e9es pour leur rendement.. Nous respectons les hommes et les femmes qui les cultivent avec leurs convictions.<\/p>\n\n\n\n<p>Nos<strong> houblons sont tous cultiv\u00e9s en France et autant que possible en Is\u00e8re<\/strong>. Pour nous, une bi\u00e8re n\u2019est \u00ab\u00a0locale\u00a0\u00bb que si en plus d\u2019\u00eatre brass\u00e9e localement, ses mati\u00e8res premi\u00e8res sont aussi cultiv\u00e9es localement. Ainsi nous faisons vivre un terroir et un territoire.<\/p>\n\n\n\n<p>Tirer la quintessence de tout cela n\u00e9cessite du travail et de l\u2019adaptation permanente. Nous travaillons le vivant. Nous ne recherchons pas le mod\u00e8le industriel normatif, nous parlons d\u2019artisanat.<\/p>\n\n\n\n<p>Ce n\u2019est pas une histoire de rendement mais de go\u00fbt. Cette histoire a son prix, mais la bi\u00e8re n\u2019est rien si elle ne se partage pas.<\/p>\n\n\n\n<p class=\"has-medium-font-size\"><strong>Nos labels<\/strong><\/p>\n\n\n\n<div class=\"wp-block-columns is-layout-flex wp-container-core-columns-is-layout-28f84493 wp-block-columns-is-layout-flex\">\n<div class=\"wp-block-column is-layout-flow wp-block-column-is-layout-flow\" style=\"flex-basis:20%\">\n<figure class=\"wp-block-image size-full\"><img loading=\"lazy\" decoding=\"async\" width=\"638\" height=\"425\" src=\"https:\/\/ivressedessommets.fr\/wp-content\/uploads\/2023\/10\/logoeuropeenpantoneAB-3.jpg\" alt=\"\" class=\"wp-image-822\" srcset=\"https:\/\/ivressedessommets.fr\/wp-content\/uploads\/2023\/10\/logoeuropeenpantoneAB-3.jpg 638w, https:\/\/ivressedessommets.fr\/wp-content\/uploads\/2023\/10\/logoeuropeenpantoneAB-3-300x200.jpg 300w\" sizes=\"auto, (max-width: 638px) 100vw, 638px\" \/><\/figure>\n<\/div>\n\n\n\n<div class=\"wp-block-column is-layout-flow wp-block-column-is-layout-flow\" style=\"flex-basis:80%\">\n<p><strong>Certification biologique<\/strong><\/p>\n\n\n\n<p>Toutes nos bi\u00e8res sont certifi\u00e9es bio, ce qui signifie que les mati\u00e8res premi\u00e8res utilis\u00e9es sont issues de l&rsquo;agriculture biologique. Pour notre certification, nous avons choisi Certipaq car c&rsquo;est un organisme certificateur associatif. <\/p>\n<\/div>\n<\/div>\n\n\n\n<div class=\"wp-block-columns is-layout-flex wp-container-core-columns-is-layout-28f84493 wp-block-columns-is-layout-flex\">\n<div class=\"wp-block-column is-layout-flow wp-block-column-is-layout-flow\" style=\"flex-basis:20%\">\n<figure class=\"wp-block-image size-full\"><img loading=\"lazy\" decoding=\"async\" width=\"480\" height=\"480\" src=\"https:\/\/ivressedessommets.fr\/wp-content\/uploads\/2023\/10\/logo_BI_CMJN_noir_cadre-1.jpeg\" alt=\"\" class=\"wp-image-823\" srcset=\"https:\/\/ivressedessommets.fr\/wp-content\/uploads\/2023\/10\/logo_BI_CMJN_noir_cadre-1.jpeg 480w, https:\/\/ivressedessommets.fr\/wp-content\/uploads\/2023\/10\/logo_BI_CMJN_noir_cadre-1-300x300.jpeg 300w, https:\/\/ivressedessommets.fr\/wp-content\/uploads\/2023\/10\/logo_BI_CMJN_noir_cadre-1-150x150.jpeg 150w\" sizes=\"auto, (max-width: 480px) 100vw, 480px\" \/><\/figure>\n<\/div>\n\n\n\n<div class=\"wp-block-column is-layout-flow wp-block-column-is-layout-flow\" style=\"flex-basis:80%\">\n<p><strong>Marque collective Brasseries ind\u00e9pendantes<\/strong><\/p>\n\n\n\n<p>Nous sommes membre de la marque collective Brasserie ind\u00e9pendantes. C&rsquo;est un label du syndicat national des brasseries ind\u00e9pendantes qui garanti une production \u00e9thique de la bi\u00e8re, pour l&rsquo;obtenir la brasserie doit respecter certains crit\u00e8res pr\u00e9cis. Notamment celui que la brasserie doit produire l&rsquo;int\u00e9gralit\u00e9 de ses bi\u00e8res sans sous-traitance.<\/p>\n<\/div>\n<\/div>\n\n\n\n<div class=\"wp-block-columns is-layout-flex wp-container-core-columns-is-layout-28f84493 wp-block-columns-is-layout-flex\">\n<div class=\"wp-block-column is-layout-flow wp-block-column-is-layout-flow\" style=\"flex-basis:20%\">\n<figure class=\"wp-block-image aligncenter size-full is-resized\"><img loading=\"lazy\" decoding=\"async\" width=\"118\" height=\"118\" src=\"https:\/\/ivressedessommets.fr\/wp-content\/uploads\/2023\/01\/LogoRhoneAlpesConsigne.png\" alt=\"\" class=\"wp-image-730\" style=\"aspect-ratio:1;width:180px;height:auto\"\/><\/figure>\n<\/div>\n\n\n\n<div class=\"wp-block-column is-layout-flow wp-block-column-is-layout-flow\" style=\"flex-basis:80%\">\n<p><strong>Bouteille r\u00e9employable<\/strong><\/p>\n\n\n\n<p>Toutes nos bouteilles sont lavables et r\u00e9utilisables dans un souci de r\u00e9duire nos d\u00e9chets et notre impact environnemental. Pour cela, notre partenaire Alpes consigne collecte et lave les bouteilles utilis\u00e9es avant de les remettre en service. Retrouvez la liste des points de collectes ci dessous.<\/p>\n\n\n\n<figure class=\"wp-block-embed is-type-wp-embed is-provider-alpes-consigne wp-block-embed-alpes-consigne\"><div class=\"wp-block-embed__wrapper\">\n<blockquote class=\"wp-embedded-content\" data-secret=\"MQJTtCgZnT\"><a href=\"https:\/\/alpesconsigne.fr\/carte\/\">CARTE<\/a><\/blockquote><iframe loading=\"lazy\" class=\"wp-embedded-content\" sandbox=\"allow-scripts\" security=\"restricted\" style=\"position: absolute; visibility: hidden;\" title=\"\u00ab\u00a0CARTE\u00a0\u00bb &#8212; Alpes Consigne\" src=\"https:\/\/alpesconsigne.fr\/carte\/embed\/#?secret=pm06qSn6Jn#?secret=MQJTtCgZnT\" data-secret=\"MQJTtCgZnT\" width=\"500\" height=\"282\" frameborder=\"0\" marginwidth=\"0\" marginheight=\"0\" scrolling=\"no\"><\/iframe>\n<\/div><\/figure>\n<\/div>\n<\/div>\n\n\n\n<div class=\"wp-block-columns is-layout-flex wp-container-core-columns-is-layout-28f84493 wp-block-columns-is-layout-flex\">\n<div class=\"wp-block-column is-layout-flow wp-block-column-is-layout-flow\" style=\"flex-basis:20%\">\n<figure class=\"wp-block-image size-full\"><img loading=\"lazy\" decoding=\"async\" width=\"474\" height=\"474\" src=\"https:\/\/ivressedessommets.fr\/wp-content\/uploads\/2023\/10\/th.jpg\" alt=\"\" class=\"wp-image-824\" srcset=\"https:\/\/ivressedessommets.fr\/wp-content\/uploads\/2023\/10\/th.jpg 474w, https:\/\/ivressedessommets.fr\/wp-content\/uploads\/2023\/10\/th-300x300.jpg 300w, https:\/\/ivressedessommets.fr\/wp-content\/uploads\/2023\/10\/th-150x150.jpg 150w\" sizes=\"auto, (max-width: 474px) 100vw, 474px\" \/><\/figure>\n<\/div>\n\n\n\n<div class=\"wp-block-column is-layout-flow wp-block-column-is-layout-flow\" style=\"flex-basis:80%\">\n<p><strong>Marque Alpes Ishere<\/strong><\/p>\n\n\n\n<p>Depuis janvier 2017, l\u2019Is\u00e8re est engag\u00e9e dans une d\u00e9marche d\u2019attractivit\u00e9.<br>Cette d\u00e9marche a pour objectif de faire rayonner le d\u00e9partement en France et \u00e0 l&rsquo;\u00e9tranger et de f\u00e9d\u00e9rer les is\u00e9rois et les is\u00e9roises autour de valeurs partag\u00e9es. Elle s&rsquo;appuie sur des fondations qui constituent notre identit\u00e9 : une proximit\u00e9 avec une nature pr\u00e9serv\u00e9e et une intelligence collective appropri\u00e9e pour relever des d\u00e9fis.<\/p>\n\n\n\n<p>Ce label garanti la provenance is\u00e9roise d&rsquo;une partie des mati\u00e8res premi\u00e8res. Pour notre part nous privil\u00e9gions la production locale autant que nous le pouvons, avec pour objectif d&rsquo;y parvenir \u00e0 100%.<\/p>\n<\/div>\n<\/div>\n","protected":false},"excerpt":{"rendered":"<p>Nous ne pouvons concevoir notre m\u00e9tier sans le respect de l\u2019environnement, de nos partenaires, fournisseurs et clients. C\u2019est pour cela que nos bi\u00e8res sont longuement \u00e9labor\u00e9es, pour la recherche du go\u00fbt, avec des mati\u00e8res premi\u00e8res produites localement et issues de l\u2019agriculture biologique. Nous faisons en sorte que la bi\u00e8re reste un produit populaire et que [&hellip;]<\/p>\n","protected":false},"author":1,"featured_media":0,"parent":0,"menu_order":0,"comment_status":"closed","ping_status":"closed","template":"","meta":{"site-sidebar-layout":"default","site-content-layout":"","ast-site-content-layout":"default","site-content-style":"default","site-sidebar-style":"default","ast-global-header-display":"","ast-banner-title-visibility":"","ast-main-header-display":"","ast-hfb-above-header-display":"","ast-hfb-below-header-display":"","ast-hfb-mobile-header-display":"","site-post-title":"","ast-breadcrumbs-content":"","ast-featured-img":"","footer-sml-layout":"","theme-transparent-header-meta":"","adv-header-id-meta":"","stick-header-meta":"","header-above-stick-meta":"","header-main-stick-meta":"","header-below-stick-meta":"","astra-migrate-meta-layouts":"set","ast-page-background-enabled":"default","ast-page-background-meta":{"desktop":{"background-color":"","background-image":"","background-repeat":"repeat","background-position":"center center","background-size":"auto","background-attachment":"scroll","background-type":"","background-media":"","overlay-type":"","overlay-color":"","overlay-opacity":"","overlay-gradient":""},"tablet":{"background-color":"","background-image":"","background-repeat":"repeat","background-position":"center center","background-size":"auto","background-attachment":"scroll","background-type":"","background-media":"","overlay-type":"","overlay-color":"","overlay-opacity":"","overlay-gradient":""},"mobile":{"background-color":"","background-image":"","background-repeat":"repeat","background-position":"center center","background-size":"auto","background-attachment":"scroll","background-type":"","background-media":"","overlay-type":"","overlay-color":"","overlay-opacity":"","overlay-gradient":""}},"ast-content-background-meta":{"desktop":{"background-color":"var(--ast-global-color-5)","background-image":"","background-repeat":"repeat","background-position":"center center","background-size":"auto","background-attachment":"scroll","background-type":"","background-media":"","overlay-type":"","overlay-color":"","overlay-opacity":"","overlay-gradient":""},"tablet":{"background-color":"var(--ast-global-color-5)","background-image":"","background-repeat":"repeat","background-position":"center center","background-size":"auto","background-attachment":"scroll","background-type":"","background-media":"","overlay-type":"","overlay-color":"","overlay-opacity":"","overlay-gradient":""},"mobile":{"background-color":"var(--ast-global-color-5)","background-image":"","background-repeat":"repeat","background-position":"center center","background-size":"auto","background-attachment":"scroll","background-type":"","background-media":"","overlay-type":"","overlay-color":"","overlay-opacity":"","overlay-gradient":""}},"footnotes":""},"class_list":["post-662","page","type-page","status-publish","hentry"],"_links":{"self":[{"href":"https:\/\/ivressedessommets.fr\/index.php\/wp-json\/wp\/v2\/pages\/662","targetHints":{"allow":["GET"]}}],"collection":[{"href":"https:\/\/ivressedessommets.fr\/index.php\/wp-json\/wp\/v2\/pages"}],"about":[{"href":"https:\/\/ivressedessommets.fr\/index.php\/wp-json\/wp\/v2\/types\/page"}],"author":[{"embeddable":true,"href":"https:\/\/ivressedessommets.fr\/index.php\/wp-json\/wp\/v2\/users\/1"}],"replies":[{"embeddable":true,"href":"https:\/\/ivressedessommets.fr\/index.php\/wp-json\/wp\/v2\/comments?post=662"}],"version-history":[{"count":12,"href":"https:\/\/ivressedessommets.fr\/index.php\/wp-json\/wp\/v2\/pages\/662\/revisions"}],"predecessor-version":[{"id":867,"href":"https:\/\/ivressedessommets.fr\/index.php\/wp-json\/wp\/v2\/pages\/662\/revisions\/867"}],"wp:attachment":[{"href":"https:\/\/ivressedessommets.fr\/index.php\/wp-json\/wp\/v2\/media?parent=662"}],"curies":[{"name":"wp","href":"https:\/\/api.w.org\/{rel}","templated":true}]}}